{"id":2450,"date":"2021-08-11T12:00:03","date_gmt":"2021-08-11T10:00:03","guid":{"rendered":"https:\/\/autajonlabels.be\/respect-de-la-vie-privee\/"},"modified":"2021-08-11T12:00:04","modified_gmt":"2021-08-11T10:00:04","slug":"respect-de-la-vie-privee","status":"publish","type":"page","link":"https:\/\/autajonlabels.be\/fr\/respect-de-la-vie-privee\/","title":{"rendered":"Respect de la vie privee"},"content":{"rendered":"\t\t<div data-elementor-type=\"wp-page\" data-elementor-id=\"2450\" class=\"elementor elementor-2450 elementor-1877\" data-elementor-post-type=\"page\">\n\t\t\t\t\t\t<section class=\"elementor-section elementor-top-section elementor-element elementor-element-e101be2 elementor-section-boxed elementor-section-height-default elementor-section-height-default\" data-id=\"e101be2\" data-element_type=\"section\" data-e-type=\"section\">\n\t\t\t\t\t\t<div class=\"elementor-container elementor-column-gap-default\">\n\t\t\t\t\t<div class=\"elementor-column elementor-col-100 elementor-top-column elementor-element elementor-element-bb0fa7a\" data-id=\"bb0fa7a\" data-element_type=\"column\" data-e-type=\"column\">\n\t\t\t<div class=\"elementor-widget-wrap elementor-element-populated\">\n\t\t\t\t\t\t<div class=\"elementor-element elementor-element-9ddca38 elementor-widget elementor-widget-text-editor\" data-id=\"9ddca38\" data-element_type=\"widget\" data-e-type=\"widget\" data-widget_type=\"text-editor.default\">\n\t\t\t\t<div class=\"elementor-widget-container\">\n\t\t\t\t\t\t\t\t\t<h3>Politique de respect de la vie priv\u00e9e<\/h3>\n<p>Autajon Labels Belgium S.A. est attach\u00e9e au respect de votre vie priv\u00e9e. Lors de l\u2019usage de notre site web, il est possible que des donn\u00e9es soient trait\u00e9es dans le sens du R\u00e8glement g\u00e9n\u00e9ral de Protection des Donn\u00e9es (d\u00e9sign\u00e9 ci-apr\u00e8s comme \u00ab\u00a0le RGPD\u00a0\u00bb). En publiant cette politique de respect de la vie priv\u00e9e, nous voulons vous informer \u00e0 propos des donn\u00e9es personnelles qui sont trait\u00e9es et des droits dont vous disposez en ce qui concerne ce traitement.<\/p>\n<ol>\n<li>\n<h4>Coordonn\u00e9es du responsable du traitement<\/h4>\n<\/li>\n<\/ol>\n<p>Le responsable du traitement des donn\u00e9es personnelles est Autajon Labels Belgium S.A. Vous pouvez nous joindre \u00e0 l\u2019adresse ci-dessous, par e-mail et par t\u00e9l\u00e9phone :<\/p>\n<p>Uilenbaan 100, Wommelgem 2160, Belgique<\/p>\n<p><a href=\"mailto:contact.belgium@autajonlabels.com\">contact.belgium@autajonlabels.com<\/a><\/p>\n<p>t\u00e9l. +32 (0)3 355 18 38<\/p>\n<ol start=\"2\">\n<li>\n<h4>Cat\u00e9gories de donn\u00e9es personnelles collect\u00e9es<\/h4>\n<\/li>\n<\/ol>\n<p>Les cat\u00e9gories suivantes de donn\u00e9es personnelles peuvent \u00eatre collect\u00e9es : nom, adresse, adresse e-mail, donn\u00e9es de t\u00e9l\u00e9communication.<\/p>\n<ol start=\"3\">\n<li>\n<h4>But de la collecte des donn\u00e9es personnelles<\/h4>\n<\/li>\n<\/ol>\n<p>Nous collectons les donn\u00e9es personnelles dans les buts suivants\u00a0: l\u2019envoi de notre lettre d\u2019information.<\/p>\n<p>Si vous avez marqu\u00e9 votre accord sur ce point, vos donn\u00e9es personnelles peuvent \u00e9galement \u00eatre utilis\u00e9es \u00e0 des fins de marketing direct, mais la personne concern\u00e9e peut toujours s\u2019opposer, gratuitement et sur demande de sa part, \u00e0 l\u2019usage de ses donn\u00e9es \u00e0 des fins de marketing direct. Pour ce faire, elle s\u2019adressera au responsable du traitement cit\u00e9 sous le point 1.<\/p>\n<ol start=\"4\">\n<li>\n<h4>Base juridique du traitement<\/h4>\n<\/li>\n<\/ol>\n<p>Le traitement de ces donn\u00e9es personnelles s\u2019appuie sur le consentement de la personne concern\u00e9e, qui est donn\u00e9 en introduisant les donn\u00e9es personnelles.<\/p>\n<ol start=\"5\">\n<li>\n<h4>Destinataires ou cat\u00e9gories de destinataires des donn\u00e9es personnelles<\/h4>\n<\/li>\n<\/ol>\n<p>Vos donn\u00e9es personnelles peuvent \u00eatre communiqu\u00e9es \u00e0 nos fournisseurs, en particulier aux bureaux de communication auxquels nous faisons appel aux fins cit\u00e9es sous le point 3 et aux prestataires de services IT.<\/p>\n<p>Vos donn\u00e9es personnelles ne sont pas transmises \u00e0 d\u2019autres tierces parties.<\/p>\n<ol start=\"6\">\n<li>\n<h4>Vos droits en tant que personne concern\u00e9e par le traitement des donn\u00e9es personnelles<\/h4>\n<\/li>\n<\/ol>\n<p>Vous avez le droit de demander \u00e0 tout moment des informations concernant les donn\u00e9es personnelles que nous conservons \u00e0 votre sujet.<\/p>\n<p>Vous pouvez modifier des donn\u00e9es inexactes et compl\u00e9ter des donn\u00e9es incompl\u00e8tes.<\/p>\n<p>Vous avez le droit de nous demander d\u2019effacer vos donn\u00e9es personnelles, ce qui aura cependant pour cons\u00e9quence que vous ne pourrez plus recevoir notre lettre d\u2019information.<\/p>\n<p>Vous avez le droit de demander que nous limitions le traitement de vos donn\u00e9es personnelles dans les cas suivants :<\/p>\n<ol>\n<li>a) l\u2019exactitude des donn\u00e9es personnelles est contest\u00e9e par la personne concern\u00e9e, pendant une p\u00e9riode qui permet au responsable du traitement de v\u00e9rifier l\u2019exactitude des donn\u00e9es personnelles ;<\/li>\n<li>b) le traitement est ill\u00e9gitime et la personne concern\u00e9e s\u2019oppose \u00e0 l\u2019effacement des donn\u00e9es personnelles\u00a0; en lieu et place, elle demande d\u2019en limiter l\u2019utilisation ;<\/li>\n<li>c) le responsable du traitement n\u2019a plus besoin des donn\u00e9es personnelles aux fins de traitement, mais la personne concern\u00e9e en a besoin pour introduire, exercer ou \u00e9tayer une action en justice ;<\/li>\n<li>d) la personne concern\u00e9e a fait opposition au traitement, conform\u00e9ment \u00e0 l\u2019article 21, \u00a71, du RGPD\u00a0; dans l\u2019attente de la r\u00e9ponse \u00e0 la question de savoir si les motivations fond\u00e9es du responsable du traitement p\u00e8sent plus lourdement dans la balance que celles de la personne concern\u00e9e.<\/li>\n<\/ol>\n<p>Vous pouvez demander que vos donn\u00e9es personnelles soient transmises, soit \u00e0 vous-m\u00eame, soit \u00e0 une tierce parte, compte tenu des limitations en la mati\u00e8re que pr\u00e9voit le RGPD.<\/p>\n<p>Vous avez le droit de faire opposition au traitement de vos donn\u00e9es personnelles si le traitement par le responsable du traitement a \u00e9t\u00e9 injustement bas\u00e9 sur une n\u00e9cessit\u00e9 devant permettre de remplir une t\u00e2che d\u2019int\u00e9r\u00eat g\u00e9n\u00e9ral, de d\u00e9fendre nos int\u00e9r\u00eats justifi\u00e9s ou ceux d\u2019une tierce partie\u00a0; vous avez \u00e9galement ce droit en cas de marketing direct.<\/p>\n<p>Vous pouvez exercer tous ces droits en nous contactant via les donn\u00e9es de contact cit\u00e9es sous le point 1, joignant une copie de votre carte d\u2019identit\u00e9 ou de votre passeport, afin que nous soyons en mesure de contr\u00f4ler votre identit\u00e9 pour qu\u2019une autre personne ne puisse pas exercer vos droits. Nous traiterons votre demande dans les plus brefs d\u00e9lais. Vous pouvez \u00e9galement nous contacter pour des questions ou remarques concernant vos donn\u00e9es personnelles ou notre politique de respect de la vie priv\u00e9e.<\/p>\n<ol start=\"7\">\n<li>\n<h4>Infractions<\/h4>\n<\/li>\n<\/ol>\n<p>Autajon Labels Belgium prend les mesures n\u00e9cessaires pour garantir la s\u00e9curit\u00e9 des donn\u00e9es.<\/p>\n<p>Si une infraction (e.a. une fuite de donn\u00e9es) devait n\u00e9anmoins se produire au niveau des donn\u00e9es personnelles, nous signalerions ce fait aux autorit\u00e9s de surveillance cit\u00e9es sous le titre 9 dans un d\u00e9lai maximal de 72 heures apr\u00e8s avoir pris connaissance de l\u2019infraction. Toutes les donn\u00e9es obligatoires en vertu du RGPD seront reprises dans cette notification. Toutes les infractions, leurs cons\u00e9quences et les mesures correctives prises par nos services sont document\u00e9es par nos soins.<\/p>\n<p>Si l\u2019infraction implique vraisemblablement un risque accru pour vos droits et libert\u00e9s, vous en serez inform\u00e9 sans le moindre d\u00e9lai.<\/p>\n<ol start=\"8\">\n<li>\n<h4>\u00a0P\u00e9riode de conservation<\/h4>\n<\/li>\n<\/ol>\n<p>Les donn\u00e9es personnelles sont conserv\u00e9es (1) jusqu\u2019\u00e0 ce que leur suppression ou leur limitation soit demand\u00e9e par la personne concern\u00e9e, ou (2) pendant un d\u00e9lai de maximum ** ans apr\u00e8s la fin de l\u2019usage pour lesquels les donn\u00e9es ont \u00e9t\u00e9 collect\u00e9es en vertu du point 3.<\/p>\n<ol start=\"9\">\n<li>\n<h4>Autorit\u00e9 de surveillance<\/h4>\n<\/li>\n<\/ol>\n<p>Vous pouvez introduire vos plaintes \u00e9ventuelles aupr\u00e8s de l\u2019Autorit\u00e9 de Protection des Donn\u00e9es, Rue de la Presse 35, 1000 Bruxelles, www.autoriteprotectiondonnees.be.<\/p>\n\t\t\t\t\t\t\t\t<\/div>\n\t\t\t\t<\/div>\n\t\t\t\t\t<\/div>\n\t\t<\/div>\n\t\t\t\t\t<\/div>\n\t\t<\/section>\n\t\t\t\t<\/div>\n\t\t","protected":false},"excerpt":{"rendered":"<p>Politique de respect de la vie priv\u00e9e Autajon Labels Belgium S.A. est attach\u00e9e au respect de votre vie priv\u00e9e. Lors de l\u2019usage de notre site web, il est possible que des donn\u00e9es soient trait\u00e9es dans le sens du R\u00e8glement g\u00e9n\u00e9ral de Protection des Donn\u00e9es (d\u00e9sign\u00e9 ci-apr\u00e8s comme \u00ab\u00a0le RGPD\u00a0\u00bb). En publiant cette politique de respect [&hellip;]<\/p>\n","protected":false},"author":2,"featured_media":0,"parent":0,"menu_order":0,"comment_status":"closed","ping_status":"closed","template":"","meta":{"footnotes":""},"class_list":["post-2450","page","type-page","status-publish","hentry"],"yoast_head":"<!-- This site is optimized with the Yoast SEO plugin v27.4 - https:\/\/yoast.com\/product\/yoast-seo-wordpress\/ -->\n<title>Respect de la vie privee - Autajon Labels Belgium<\/title>\n<meta name=\"description\" content=\"Autajon Labels Belgium is een drukkerij van etiketten in Wommelgem. We bieden ook oplossingen voor de verpakking van uw producten.\" \/>\n<meta name=\"robots\" content=\"index, follow, max-snippet:-1, max-image-preview:large, max-video-preview:-1\" \/>\n<link rel=\"canonical\" href=\"https:\/\/autajonlabels.be\/fr\/respect-de-la-vie-privee\/\" \/>\n<meta property=\"og:locale\" content=\"fr_FR\" \/>\n<meta property=\"og:type\" content=\"article\" \/>\n<meta property=\"og:title\" content=\"Respect de la vie privee - Autajon Labels Belgium\" \/>\n<meta property=\"og:description\" content=\"Autajon Labels Belgium is een drukkerij van etiketten in Wommelgem. We bieden ook oplossingen voor de verpakking van uw producten.\" \/>\n<meta property=\"og:url\" content=\"https:\/\/autajonlabels.be\/fr\/respect-de-la-vie-privee\/\" \/>\n<meta property=\"og:site_name\" content=\"Autajon Labels Belgium\" \/>\n<meta property=\"article:modified_time\" content=\"2021-08-11T10:00:04+00:00\" \/>\n<meta name=\"twitter:card\" content=\"summary_large_image\" \/>\n<meta name=\"twitter:label1\" content=\"Dur\u00e9e de lecture estim\u00e9e\" \/>\n\t<meta name=\"twitter:data1\" content=\"5 minutes\" \/>\n<script type=\"application\/ld+json\" class=\"yoast-schema-graph\">{\"@context\":\"https:\\\/\\\/schema.org\",\"@graph\":[{\"@type\":\"WebPage\",\"@id\":\"https:\\\/\\\/autajonlabels.be\\\/fr\\\/respect-de-la-vie-privee\\\/\",\"url\":\"https:\\\/\\\/autajonlabels.be\\\/fr\\\/respect-de-la-vie-privee\\\/\",\"name\":\"Respect de la vie privee - Autajon Labels Belgium\",\"isPartOf\":{\"@id\":\"https:\\\/\\\/autajonlabels.be\\\/#website\"},\"datePublished\":\"2021-08-11T10:00:03+00:00\",\"dateModified\":\"2021-08-11T10:00:04+00:00\",\"description\":\"Autajon Labels Belgium is een drukkerij van etiketten in Wommelgem. We bieden ook oplossingen voor de verpakking van uw producten.\",\"breadcrumb\":{\"@id\":\"https:\\\/\\\/autajonlabels.be\\\/fr\\\/respect-de-la-vie-privee\\\/#breadcrumb\"},\"inLanguage\":\"fr-FR\",\"potentialAction\":[{\"@type\":\"ReadAction\",\"target\":[\"https:\\\/\\\/autajonlabels.be\\\/fr\\\/respect-de-la-vie-privee\\\/\"]}]},{\"@type\":\"BreadcrumbList\",\"@id\":\"https:\\\/\\\/autajonlabels.be\\\/fr\\\/respect-de-la-vie-privee\\\/#breadcrumb\",\"itemListElement\":[{\"@type\":\"ListItem\",\"position\":1,\"name\":\"Home\",\"item\":\"https:\\\/\\\/autajonlabels.be\\\/\"},{\"@type\":\"ListItem\",\"position\":2,\"name\":\"Respect de la vie privee\"}]},{\"@type\":\"WebSite\",\"@id\":\"https:\\\/\\\/autajonlabels.be\\\/#website\",\"url\":\"https:\\\/\\\/autajonlabels.be\\\/\",\"name\":\"Autajon Labels Belgium\",\"description\":\"Zelfklevende Etiketten en Labels\",\"publisher\":{\"@id\":\"https:\\\/\\\/autajonlabels.be\\\/#organization\"},\"potentialAction\":[{\"@type\":\"SearchAction\",\"target\":{\"@type\":\"EntryPoint\",\"urlTemplate\":\"https:\\\/\\\/autajonlabels.be\\\/?s={search_term_string}\"},\"query-input\":{\"@type\":\"PropertyValueSpecification\",\"valueRequired\":true,\"valueName\":\"search_term_string\"}}],\"inLanguage\":\"fr-FR\"},{\"@type\":\"Organization\",\"@id\":\"https:\\\/\\\/autajonlabels.be\\\/#organization\",\"name\":\"Autajon Labels Belgium\",\"url\":\"https:\\\/\\\/autajonlabels.be\\\/\",\"logo\":{\"@type\":\"ImageObject\",\"inLanguage\":\"fr-FR\",\"@id\":\"https:\\\/\\\/autajonlabels.be\\\/#\\\/schema\\\/logo\\\/image\\\/\",\"url\":\"https:\\\/\\\/autajonlabels.be\\\/wp-content\\\/uploads\\\/2020\\\/10\\\/autajon-labels-belgium-logo.jpg\",\"contentUrl\":\"https:\\\/\\\/autajonlabels.be\\\/wp-content\\\/uploads\\\/2020\\\/10\\\/autajon-labels-belgium-logo.jpg\",\"width\":400,\"height\":400,\"caption\":\"Autajon Labels Belgium\"},\"image\":{\"@id\":\"https:\\\/\\\/autajonlabels.be\\\/#\\\/schema\\\/logo\\\/image\\\/\"},\"sameAs\":[\"https:\\\/\\\/www.instagram.com\\\/autajonlabelsbelgium\\\/?igshid=1p0shm8cwlh6w\",\"https:\\\/\\\/www.linkedin.com\\\/checkpoint\\\/challengesV2\\\/AQHgzjncHctNCgAAAXmDi4Syiciq7_3H1LtjtYEN-sAecRlY0t6IsB48jVK7JUpmXjSgZEsoYnVXANqxw5t7HfH1HsKVGDb8YA?original_referer=https:\\\/\\\/autajonlabels.be\\\/\"]}]}<\/script>\n<!-- \/ Yoast SEO plugin. -->","yoast_head_json":{"title":"Respect de la vie privee - Autajon Labels Belgium","description":"Autajon Labels Belgium is een drukkerij van etiketten in Wommelgem. We bieden ook oplossingen voor de verpakking van uw producten.","robots":{"index":"index","follow":"follow","max-snippet":"max-snippet:-1","max-image-preview":"max-image-preview:large","max-video-preview":"max-video-preview:-1"},"canonical":"https:\/\/autajonlabels.be\/fr\/respect-de-la-vie-privee\/","og_locale":"fr_FR","og_type":"article","og_title":"Respect de la vie privee - Autajon Labels Belgium","og_description":"Autajon Labels Belgium is een drukkerij van etiketten in Wommelgem. We bieden ook oplossingen voor de verpakking van uw producten.","og_url":"https:\/\/autajonlabels.be\/fr\/respect-de-la-vie-privee\/","og_site_name":"Autajon Labels Belgium","article_modified_time":"2021-08-11T10:00:04+00:00","twitter_card":"summary_large_image","twitter_misc":{"Dur\u00e9e de lecture estim\u00e9e":"5 minutes"},"schema":{"@context":"https:\/\/schema.org","@graph":[{"@type":"WebPage","@id":"https:\/\/autajonlabels.be\/fr\/respect-de-la-vie-privee\/","url":"https:\/\/autajonlabels.be\/fr\/respect-de-la-vie-privee\/","name":"Respect de la vie privee - Autajon Labels Belgium","isPartOf":{"@id":"https:\/\/autajonlabels.be\/#website"},"datePublished":"2021-08-11T10:00:03+00:00","dateModified":"2021-08-11T10:00:04+00:00","description":"Autajon Labels Belgium is een drukkerij van etiketten in Wommelgem. We bieden ook oplossingen voor de verpakking van uw producten.","breadcrumb":{"@id":"https:\/\/autajonlabels.be\/fr\/respect-de-la-vie-privee\/#breadcrumb"},"inLanguage":"fr-FR","potentialAction":[{"@type":"ReadAction","target":["https:\/\/autajonlabels.be\/fr\/respect-de-la-vie-privee\/"]}]},{"@type":"BreadcrumbList","@id":"https:\/\/autajonlabels.be\/fr\/respect-de-la-vie-privee\/#breadcrumb","itemListElement":[{"@type":"ListItem","position":1,"name":"Home","item":"https:\/\/autajonlabels.be\/"},{"@type":"ListItem","position":2,"name":"Respect de la vie privee"}]},{"@type":"WebSite","@id":"https:\/\/autajonlabels.be\/#website","url":"https:\/\/autajonlabels.be\/","name":"Autajon Labels Belgium","description":"Zelfklevende Etiketten en Labels","publisher":{"@id":"https:\/\/autajonlabels.be\/#organization"},"potentialAction":[{"@type":"SearchAction","target":{"@type":"EntryPoint","urlTemplate":"https:\/\/autajonlabels.be\/?s={search_term_string}"},"query-input":{"@type":"PropertyValueSpecification","valueRequired":true,"valueName":"search_term_string"}}],"inLanguage":"fr-FR"},{"@type":"Organization","@id":"https:\/\/autajonlabels.be\/#organization","name":"Autajon Labels Belgium","url":"https:\/\/autajonlabels.be\/","logo":{"@type":"ImageObject","inLanguage":"fr-FR","@id":"https:\/\/autajonlabels.be\/#\/schema\/logo\/image\/","url":"https:\/\/autajonlabels.be\/wp-content\/uploads\/2020\/10\/autajon-labels-belgium-logo.jpg","contentUrl":"https:\/\/autajonlabels.be\/wp-content\/uploads\/2020\/10\/autajon-labels-belgium-logo.jpg","width":400,"height":400,"caption":"Autajon Labels Belgium"},"image":{"@id":"https:\/\/autajonlabels.be\/#\/schema\/logo\/image\/"},"sameAs":["https:\/\/www.instagram.com\/autajonlabelsbelgium\/?igshid=1p0shm8cwlh6w","https:\/\/www.linkedin.com\/checkpoint\/challengesV2\/AQHgzjncHctNCgAAAXmDi4Syiciq7_3H1LtjtYEN-sAecRlY0t6IsB48jVK7JUpmXjSgZEsoYnVXANqxw5t7HfH1HsKVGDb8YA?original_referer=https:\/\/autajonlabels.be\/"]}]}},"_links":{"self":[{"href":"https:\/\/autajonlabels.be\/fr\/wp-json\/wp\/v2\/pages\/2450","targetHints":{"allow":["GET"]}}],"collection":[{"href":"https:\/\/autajonlabels.be\/fr\/wp-json\/wp\/v2\/pages"}],"about":[{"href":"https:\/\/autajonlabels.be\/fr\/wp-json\/wp\/v2\/types\/page"}],"author":[{"embeddable":true,"href":"https:\/\/autajonlabels.be\/fr\/wp-json\/wp\/v2\/users\/2"}],"replies":[{"embeddable":true,"href":"https:\/\/autajonlabels.be\/fr\/wp-json\/wp\/v2\/comments?post=2450"}],"version-history":[{"count":1,"href":"https:\/\/autajonlabels.be\/fr\/wp-json\/wp\/v2\/pages\/2450\/revisions"}],"predecessor-version":[{"id":2451,"href":"https:\/\/autajonlabels.be\/fr\/wp-json\/wp\/v2\/pages\/2450\/revisions\/2451"}],"wp:attachment":[{"href":"https:\/\/autajonlabels.be\/fr\/wp-json\/wp\/v2\/media?parent=2450"}],"curies":[{"name":"wp","href":"https:\/\/api.w.org\/{rel}","templated":true}]}}