{"id":2454,"date":"2021-08-11T12:04:17","date_gmt":"2021-08-11T10:04:17","guid":{"rendered":"https:\/\/autajonlabels.be\/clause-de-non-responsabilite\/"},"modified":"2021-08-11T12:04:17","modified_gmt":"2021-08-11T10:04:17","slug":"clause-de-non-responsabilite","status":"publish","type":"page","link":"https:\/\/autajonlabels.be\/fr\/clause-de-non-responsabilite\/","title":{"rendered":"Clause de non responsabilite"},"content":{"rendered":"\t\t<div data-elementor-type=\"wp-page\" data-elementor-id=\"2454\" class=\"elementor elementor-2454 elementor-593\" data-elementor-post-type=\"page\">\n\t\t\t\t\t\t<section class=\"elementor-section elementor-top-section elementor-element elementor-element-4f73d62 elementor-section-boxed elementor-section-height-default elementor-section-height-default\" data-id=\"4f73d62\" data-element_type=\"section\" data-e-type=\"section\">\n\t\t\t\t\t\t<div class=\"elementor-container elementor-column-gap-default\">\n\t\t\t\t\t<div class=\"elementor-column elementor-col-100 elementor-top-column elementor-element elementor-element-1959587\" data-id=\"1959587\" data-element_type=\"column\" data-e-type=\"column\">\n\t\t\t<div class=\"elementor-widget-wrap elementor-element-populated\">\n\t\t\t\t\t\t<div class=\"elementor-element elementor-element-fea9f67 elementor-widget elementor-widget-text-editor\" data-id=\"fea9f67\" data-element_type=\"widget\" data-e-type=\"widget\" data-widget_type=\"text-editor.default\">\n\t\t\t\t<div class=\"elementor-widget-container\">\n\t\t\t\t\t\t\t\t\t<h3>Clause de non-responsabilit\u00e9<\/h3>\n<p>La pr\u00e9sente clause de non-responsabilit\u00e9 est d\u2019application pour le site web d\u2019Autajon Labels Belgium. En visitant ce site web ou en utilisant les informations fournies sur ces sites web, vous marquez votre accord quant \u00e0 l\u2019applicabilit\u00e9 de cette clause de non-responsabilit\u00e9.<\/p>\n<h3>Informations g\u00e9n\u00e9rales<\/h3>\n<p>Toutes les informations et illustrations publi\u00e9es sur ce site web sont la propri\u00e9t\u00e9 d\u2019Autajon Labels Belgium. Tous les droits de propri\u00e9t\u00e9 intellectuelle, en ce compris les droits d\u2019auteur et les droits en mati\u00e8re de marques concernant tous les textes, illustrations, photos et autres mat\u00e9riels, sont assum\u00e9s avec le consentement du propri\u00e9taire concern\u00e9 ou des entreprises alli\u00e9es \u00e0 Autajon Labels Belgium, comme Beeldconnectie \/ DNA Reportages bvba. L\u2019usage ill\u00e9gitime du pr\u00e9sent site web et des photos et informations publi\u00e9es sur celui-ci est rigoureusement interdit. Tous les droits sont r\u00e9serv\u00e9s. Il est interdit de copier, de diffuser ou de reproduire le design, la structure et\/ou les informations du pr\u00e9sent site web sans le consentement pr\u00e9alable et \u00e9crit.<\/p>\n<p>Les informations publi\u00e9es sur le site web ont exclusivement valeur d\u2019informations g\u00e9n\u00e9rales. Les informations publi\u00e9es sur ce site web ne peuvent g\u00e9n\u00e9rer aucun droit. M\u00eame si nous apportons les plus grands soins \u00e0 la composition et \u00e0 l\u2019entretien du pr\u00e9sent site web et nous avons recours \u00e0 des sources suppos\u00e9es fiables pour ce faire, nous ne pouvons pas garantir l\u2019exactitude, l\u2019int\u00e9gralit\u00e9 et l\u2019actualit\u00e9 des informations fournies. De m\u00eame, Autajon Labels Belgium ne garantit aucunement que le site web fonctionnera parfaitement et sans interruptions sur votre ordinateur. Vous devrez en effet disposer d\u2019une bonne connexion Internet. Pour consulter ce site web, vous devrez aussi disposer d\u2019une version r\u00e9cente de votre navigateur. Il est d\u00e8s lors important de pr\u00e9voir r\u00e9guli\u00e8rement une mise \u00e0 jour de votre navigateur. Le site web n\u2019est pas compatible avec des versions d\u2019Internet Explorer ant\u00e9rieures \u00e0 la version IE10.<\/p>\n<p>Autajon Labels Belgium et Beeldconnectie \/ DNA Reportages excluent d\u00e8s lors toute responsabilit\u00e9 pour quelque dommage que ce soit, direct et\/ou indirect, g\u00e9n\u00e9r\u00e9 par et\/ou d\u00e9coulant de l\u2019usage du site web, de quelque fa\u00e7on que ce soit. Ceci s\u2019applique par ailleurs \u00e0 quelque dommage que ce soit, y compris les dommages d\u00e9coulant d\u2019actions entreprises par vos soins sur base des informations publi\u00e9es sur le site web\u00a0; les dommages dus \u00e0 l\u2019impossibilit\u00e9 d\u2019utiliser le site web\u00a0; les dommages dus au fait que certaines informations publi\u00e9es sur le site web puissent \u00eatre inexactes, incompl\u00e8tes ou pas d\u2019actualit\u00e9.<\/p>\n\t\t\t\t\t\t\t\t<\/div>\n\t\t\t\t<\/div>\n\t\t\t\t\t<\/div>\n\t\t<\/div>\n\t\t\t\t\t<\/div>\n\t\t<\/section>\n\t\t\t\t<\/div>\n\t\t","protected":false},"excerpt":{"rendered":"<p>Clause de non-responsabilit\u00e9 La pr\u00e9sente clause de non-responsabilit\u00e9 est d\u2019application pour le site web d\u2019Autajon Labels Belgium. En visitant ce site web ou en utilisant les informations fournies sur ces sites web, vous marquez votre accord quant \u00e0 l\u2019applicabilit\u00e9 de cette clause de non-responsabilit\u00e9. Informations g\u00e9n\u00e9rales Toutes les informations et illustrations publi\u00e9es sur ce site [&hellip;]<\/p>\n","protected":false},"author":1,"featured_media":0,"parent":0,"menu_order":0,"comment_status":"closed","ping_status":"closed","template":"elementor_header_footer","meta":{"footnotes":""},"class_list":["post-2454","page","type-page","status-publish","hentry"],"yoast_head":"<!-- This site is optimized with the Yoast SEO plugin v27.4 - https:\/\/yoast.com\/product\/yoast-seo-wordpress\/ -->\n<title>Clause de non responsabilite - Autajon Labels Belgium<\/title>\n<meta name=\"description\" content=\"Autajon Labels Belgium is een drukkerij van etiketten in Wommelgem. We bieden ook oplossingen voor de verpakking van uw producten.\" \/>\n<meta name=\"robots\" content=\"index, follow, max-snippet:-1, max-image-preview:large, max-video-preview:-1\" \/>\n<link rel=\"canonical\" href=\"https:\/\/autajonlabels.be\/fr\/clause-de-non-responsabilite\/\" \/>\n<meta property=\"og:locale\" content=\"fr_FR\" \/>\n<meta property=\"og:type\" content=\"article\" \/>\n<meta property=\"og:title\" content=\"Clause de non responsabilite - Autajon Labels Belgium\" \/>\n<meta property=\"og:description\" content=\"Autajon Labels Belgium is een drukkerij van etiketten in Wommelgem. We bieden ook oplossingen voor de verpakking van uw producten.\" \/>\n<meta property=\"og:url\" content=\"https:\/\/autajonlabels.be\/fr\/clause-de-non-responsabilite\/\" \/>\n<meta property=\"og:site_name\" content=\"Autajon Labels Belgium\" \/>\n<meta name=\"twitter:card\" content=\"summary_large_image\" \/>\n<meta name=\"twitter:label1\" content=\"Dur\u00e9e de lecture estim\u00e9e\" \/>\n\t<meta name=\"twitter:data1\" content=\"2 minutes\" \/>\n<script type=\"application\/ld+json\" class=\"yoast-schema-graph\">{\"@context\":\"https:\\\/\\\/schema.org\",\"@graph\":[{\"@type\":\"WebPage\",\"@id\":\"https:\\\/\\\/autajonlabels.be\\\/fr\\\/clause-de-non-responsabilite\\\/\",\"url\":\"https:\\\/\\\/autajonlabels.be\\\/fr\\\/clause-de-non-responsabilite\\\/\",\"name\":\"Clause de non responsabilite - Autajon Labels Belgium\",\"isPartOf\":{\"@id\":\"https:\\\/\\\/autajonlabels.be\\\/#website\"},\"datePublished\":\"2021-08-11T10:04:17+00:00\",\"description\":\"Autajon Labels Belgium is een drukkerij van etiketten in Wommelgem. We bieden ook oplossingen voor de verpakking van uw producten.\",\"breadcrumb\":{\"@id\":\"https:\\\/\\\/autajonlabels.be\\\/fr\\\/clause-de-non-responsabilite\\\/#breadcrumb\"},\"inLanguage\":\"fr-FR\",\"potentialAction\":[{\"@type\":\"ReadAction\",\"target\":[\"https:\\\/\\\/autajonlabels.be\\\/fr\\\/clause-de-non-responsabilite\\\/\"]}]},{\"@type\":\"BreadcrumbList\",\"@id\":\"https:\\\/\\\/autajonlabels.be\\\/fr\\\/clause-de-non-responsabilite\\\/#breadcrumb\",\"itemListElement\":[{\"@type\":\"ListItem\",\"position\":1,\"name\":\"Home\",\"item\":\"https:\\\/\\\/autajonlabels.be\\\/\"},{\"@type\":\"ListItem\",\"position\":2,\"name\":\"Clause de non responsabilite\"}]},{\"@type\":\"WebSite\",\"@id\":\"https:\\\/\\\/autajonlabels.be\\\/#website\",\"url\":\"https:\\\/\\\/autajonlabels.be\\\/\",\"name\":\"Autajon Labels Belgium\",\"description\":\"Zelfklevende Etiketten en Labels\",\"publisher\":{\"@id\":\"https:\\\/\\\/autajonlabels.be\\\/#organization\"},\"potentialAction\":[{\"@type\":\"SearchAction\",\"target\":{\"@type\":\"EntryPoint\",\"urlTemplate\":\"https:\\\/\\\/autajonlabels.be\\\/?s={search_term_string}\"},\"query-input\":{\"@type\":\"PropertyValueSpecification\",\"valueRequired\":true,\"valueName\":\"search_term_string\"}}],\"inLanguage\":\"fr-FR\"},{\"@type\":\"Organization\",\"@id\":\"https:\\\/\\\/autajonlabels.be\\\/#organization\",\"name\":\"Autajon Labels Belgium\",\"url\":\"https:\\\/\\\/autajonlabels.be\\\/\",\"logo\":{\"@type\":\"ImageObject\",\"inLanguage\":\"fr-FR\",\"@id\":\"https:\\\/\\\/autajonlabels.be\\\/#\\\/schema\\\/logo\\\/image\\\/\",\"url\":\"https:\\\/\\\/autajonlabels.be\\\/wp-content\\\/uploads\\\/2020\\\/10\\\/autajon-labels-belgium-logo.jpg\",\"contentUrl\":\"https:\\\/\\\/autajonlabels.be\\\/wp-content\\\/uploads\\\/2020\\\/10\\\/autajon-labels-belgium-logo.jpg\",\"width\":400,\"height\":400,\"caption\":\"Autajon Labels Belgium\"},\"image\":{\"@id\":\"https:\\\/\\\/autajonlabels.be\\\/#\\\/schema\\\/logo\\\/image\\\/\"},\"sameAs\":[\"https:\\\/\\\/www.instagram.com\\\/autajonlabelsbelgium\\\/?igshid=1p0shm8cwlh6w\",\"https:\\\/\\\/www.linkedin.com\\\/checkpoint\\\/challengesV2\\\/AQHgzjncHctNCgAAAXmDi4Syiciq7_3H1LtjtYEN-sAecRlY0t6IsB48jVK7JUpmXjSgZEsoYnVXANqxw5t7HfH1HsKVGDb8YA?original_referer=https:\\\/\\\/autajonlabels.be\\\/\"]}]}<\/script>\n<!-- \/ Yoast SEO plugin. -->","yoast_head_json":{"title":"Clause de non responsabilite - Autajon Labels Belgium","description":"Autajon Labels Belgium is een drukkerij van etiketten in Wommelgem. We bieden ook oplossingen voor de verpakking van uw producten.","robots":{"index":"index","follow":"follow","max-snippet":"max-snippet:-1","max-image-preview":"max-image-preview:large","max-video-preview":"max-video-preview:-1"},"canonical":"https:\/\/autajonlabels.be\/fr\/clause-de-non-responsabilite\/","og_locale":"fr_FR","og_type":"article","og_title":"Clause de non responsabilite - Autajon Labels Belgium","og_description":"Autajon Labels Belgium is een drukkerij van etiketten in Wommelgem. We bieden ook oplossingen voor de verpakking van uw producten.","og_url":"https:\/\/autajonlabels.be\/fr\/clause-de-non-responsabilite\/","og_site_name":"Autajon Labels Belgium","twitter_card":"summary_large_image","twitter_misc":{"Dur\u00e9e de lecture estim\u00e9e":"2 minutes"},"schema":{"@context":"https:\/\/schema.org","@graph":[{"@type":"WebPage","@id":"https:\/\/autajonlabels.be\/fr\/clause-de-non-responsabilite\/","url":"https:\/\/autajonlabels.be\/fr\/clause-de-non-responsabilite\/","name":"Clause de non responsabilite - Autajon Labels Belgium","isPartOf":{"@id":"https:\/\/autajonlabels.be\/#website"},"datePublished":"2021-08-11T10:04:17+00:00","description":"Autajon Labels Belgium is een drukkerij van etiketten in Wommelgem. We bieden ook oplossingen voor de verpakking van uw producten.","breadcrumb":{"@id":"https:\/\/autajonlabels.be\/fr\/clause-de-non-responsabilite\/#breadcrumb"},"inLanguage":"fr-FR","potentialAction":[{"@type":"ReadAction","target":["https:\/\/autajonlabels.be\/fr\/clause-de-non-responsabilite\/"]}]},{"@type":"BreadcrumbList","@id":"https:\/\/autajonlabels.be\/fr\/clause-de-non-responsabilite\/#breadcrumb","itemListElement":[{"@type":"ListItem","position":1,"name":"Home","item":"https:\/\/autajonlabels.be\/"},{"@type":"ListItem","position":2,"name":"Clause de non responsabilite"}]},{"@type":"WebSite","@id":"https:\/\/autajonlabels.be\/#website","url":"https:\/\/autajonlabels.be\/","name":"Autajon Labels Belgium","description":"Zelfklevende Etiketten en Labels","publisher":{"@id":"https:\/\/autajonlabels.be\/#organization"},"potentialAction":[{"@type":"SearchAction","target":{"@type":"EntryPoint","urlTemplate":"https:\/\/autajonlabels.be\/?s={search_term_string}"},"query-input":{"@type":"PropertyValueSpecification","valueRequired":true,"valueName":"search_term_string"}}],"inLanguage":"fr-FR"},{"@type":"Organization","@id":"https:\/\/autajonlabels.be\/#organization","name":"Autajon Labels Belgium","url":"https:\/\/autajonlabels.be\/","logo":{"@type":"ImageObject","inLanguage":"fr-FR","@id":"https:\/\/autajonlabels.be\/#\/schema\/logo\/image\/","url":"https:\/\/autajonlabels.be\/wp-content\/uploads\/2020\/10\/autajon-labels-belgium-logo.jpg","contentUrl":"https:\/\/autajonlabels.be\/wp-content\/uploads\/2020\/10\/autajon-labels-belgium-logo.jpg","width":400,"height":400,"caption":"Autajon Labels Belgium"},"image":{"@id":"https:\/\/autajonlabels.be\/#\/schema\/logo\/image\/"},"sameAs":["https:\/\/www.instagram.com\/autajonlabelsbelgium\/?igshid=1p0shm8cwlh6w","https:\/\/www.linkedin.com\/checkpoint\/challengesV2\/AQHgzjncHctNCgAAAXmDi4Syiciq7_3H1LtjtYEN-sAecRlY0t6IsB48jVK7JUpmXjSgZEsoYnVXANqxw5t7HfH1HsKVGDb8YA?original_referer=https:\/\/autajonlabels.be\/"]}]}},"_links":{"self":[{"href":"https:\/\/autajonlabels.be\/fr\/wp-json\/wp\/v2\/pages\/2454","targetHints":{"allow":["GET"]}}],"collection":[{"href":"https:\/\/autajonlabels.be\/fr\/wp-json\/wp\/v2\/pages"}],"about":[{"href":"https:\/\/autajonlabels.be\/fr\/wp-json\/wp\/v2\/types\/page"}],"author":[{"embeddable":true,"href":"https:\/\/autajonlabels.be\/fr\/wp-json\/wp\/v2\/users\/1"}],"replies":[{"embeddable":true,"href":"https:\/\/autajonlabels.be\/fr\/wp-json\/wp\/v2\/comments?post=2454"}],"version-history":[{"count":1,"href":"https:\/\/autajonlabels.be\/fr\/wp-json\/wp\/v2\/pages\/2454\/revisions"}],"predecessor-version":[{"id":2455,"href":"https:\/\/autajonlabels.be\/fr\/wp-json\/wp\/v2\/pages\/2454\/revisions\/2455"}],"wp:attachment":[{"href":"https:\/\/autajonlabels.be\/fr\/wp-json\/wp\/v2\/media?parent=2454"}],"curies":[{"name":"wp","href":"https:\/\/api.w.org\/{rel}","templated":true}]}}